{"id":157,"date":"2025-07-04T09:08:09","date_gmt":"2025-07-04T07:08:09","guid":{"rendered":"https:\/\/www.tktx-do-tatuazu.pl\/?page_id=157"},"modified":"2025-07-04T09:08:09","modified_gmt":"2025-07-04T07:08:09","slug":"%f0%9f%94%a5-miert-eri-meg-minosegi-erzestelenito-krembe-fektetni-az-igazsag-a-tktx-rol","status":"publish","type":"page","link":"https:\/\/www.tktx-do-tatuazu.pl\/?page_id=157","title":{"rendered":"\ud83d\udd25 Mi\u00e9rt \u00e9ri meg min\u0151s\u00e9gi \u00e9rz\u00e9stelen\u00edt\u0151 kr\u00e9mbe fektetni \u2013 az igazs\u00e1g a TKTX-r\u0151l"},"content":{"rendered":"<h3 data-start=\"90\" data-end=\"160\"><strong data-start=\"94\" data-end=\"160\">\ud83d\udca1 K\u00e9pzeld el: f\u00e1jdalommentes tetov\u00e1l\u00e1s kompromisszumok n\u00e9lk\u00fcl<\/strong><\/h3>\n<p data-start=\"162\" data-end=\"442\">K\u00e9pzeld el, hogy nyugodtan \u00fclsz a tetov\u00e1l\u00f3m\u0171v\u00e9szn\u00e9l, alig \u00e9rzel valamit, \u00e9s \u00e9lvezed a tetov\u00e1l\u00e1sod minden pillanat\u00e1t \u2013 f\u00e1jdalom n\u00e9lk\u00fcl, stressz n\u00e9lk\u00fcl. T\u00fal sz\u00e9pnek hangzik, hogy igaz legyen? Itt j\u00f6n k\u00e9pbe az <strong data-start=\"369\" data-end=\"385\">eredeti TKTX<\/strong> \u2013 a <strong data-start=\"390\" data-end=\"421\">min\u0151s\u00e9gi \u00e9rz\u00e9stelen\u00edt\u0151 kr\u00e9m<\/strong>, ami val\u00f3ban sz\u00e1m\u00edt.<\/p>\n<hr data-start=\"444\" data-end=\"447\" \/>\n<h3 data-start=\"449\" data-end=\"492\"><strong data-start=\"453\" data-end=\"492\">\u26a0\ufe0f Olcs\u00f3 ut\u00e1nzatok? Egy dr\u00e1ga hiba!<\/strong><\/h3>\n<p data-start=\"494\" data-end=\"834\">Az \u00e9rz\u00e9stelen\u00edt\u0151 kr\u00e9mek vil\u00e1g\u00e1ban sok olcs\u00f3 alternat\u00edva van, ami els\u0151re cs\u00e1b\u00edt\u00f3nak t\u0171nhet. De ne hagyd magad megt\u00e9veszteni: <strong data-start=\"618\" data-end=\"742\">az olcs\u00f3 ut\u00e1nzatok nemcsak hat\u00e1stalanok lehetnek, hanem b\u0151rirrit\u00e1ci\u00f3t okozhatnak, \u00e9s t\u00f6nkretehetik a tetov\u00e1l\u00e1s \u00e9lm\u00e9ny\u00e9t.<\/strong> Aki olcs\u00f3n v\u00e1s\u00e1rol, gyakran k\u00e9tszer fizet \u2013 csal\u00f3d\u00e1ssal, f\u00e1jdalommal \u00e9s rossz gy\u00f3gyul\u00e1ssal.<\/p>\n<hr data-start=\"836\" data-end=\"839\" \/>\n<h3 data-start=\"841\" data-end=\"873\"><strong data-start=\"845\" data-end=\"873\">\u2728 Mi\u00e9rt az eredeti TKTX?<\/strong><\/h3>\n<p data-start=\"875\" data-end=\"1245\">V\u00e1s\u00e1rl\u00f3ink tudj\u00e1k, mi\u00e9rt b\u00edznak a <strong data-start=\"909\" data-end=\"917\">TKTX<\/strong> min\u0151s\u00e9g\u00e9ben. Mert a <strong data-start=\"938\" data-end=\"988\">TKTX t\u00f6bb, mint egy kr\u00e9m \u2013 ez egy \u00edg\u00e9ret neked<\/strong>. A legjobb hat\u00f3anyagokkal, mint a <strong data-start=\"1023\" data-end=\"1059\">lidokain, prilokain \u00e9s epinefrin<\/strong> fejlesztve, gyors \u00e9s hosszan tart\u00f3 f\u00e1jdalomcsillap\u00edt\u00e1st garant\u00e1l ak\u00e1r <strong data-start=\"1130\" data-end=\"1145\">4\u20135 \u00f3r\u00e1n \u00e1t<\/strong>. Az eredm\u00e9ny? Egy olyan tetov\u00e1l\u00e1si \u00e9lm\u00e9ny, amit \u00e9lvezhetsz an\u00e9lk\u00fcl, hogy a f\u00e1jdalom miatt agg\u00f3dn\u00e1l.<\/p>\n<hr data-start=\"1247\" data-end=\"1250\" \/>\n<h3 data-start=\"1252\" data-end=\"1300\"><strong data-start=\"1256\" data-end=\"1300\">\ud83e\udd1d B\u00edzz a tapasztalatban \u00e9s a min\u0151s\u00e9gben<\/strong><\/h3>\n<p data-start=\"1302\" data-end=\"1618\">C\u00e9g\u00fcnk a <strong data-start=\"1311\" data-end=\"1368\">\u00e1tl\u00e1that\u00f3s\u00e1g, megb\u00edzhat\u00f3s\u00e1g \u00e9s val\u00f3di \u00fcgyf\u00e9lt\u00e1mogat\u00e1s<\/strong> garanci\u00e1ja. Csak <strong data-start=\"1386\" data-end=\"1405\">eredeti TKTX-et<\/strong> \u00e1rus\u00edtunk, semmilyen hamis\u00edtv\u00e1nyt nem. Gyors sz\u00e1ll\u00edt\u00e1s, szem\u00e9lyre szabott tan\u00e1csad\u00e1s \u00e9s sz\u00e1z\u00e1val pozit\u00edv visszajelz\u00e9s bizony\u00edtja, hogy nem csak egy elad\u00f3 vagyunk \u2013 hanem a <strong data-start=\"1578\" data-end=\"1617\">f\u00e1jdalommentes tetov\u00e1l\u00e1sod partnere<\/strong>.<\/p>\n<hr data-start=\"1620\" data-end=\"1623\" \/>\n<h3 data-start=\"1625\" data-end=\"1673\"><strong data-start=\"1629\" data-end=\"1673\">\ud83d\udde3\ufe0f A TKTX v\u00e9lem\u00e9nyek maguk\u00e9rt besz\u00e9lnek<\/strong><\/h3>\n<p data-start=\"1675\" data-end=\"1915\">Legy\u00e9l kezd\u0151 vagy profi, v\u00e1s\u00e1rl\u00f3ink kevesebb f\u00e1jdalomr\u00f3l \u00e9s nyugodtabb tetov\u00e1l\u00e1sr\u00f3l sz\u00e1molnak be. \u0150k tov\u00e1bb aj\u00e1nlj\u00e1k a <strong data-start=\"1794\" data-end=\"1805\">TKTX-et<\/strong> \u2013 mert aki egyszer megtapasztalta a k\u00fcl\u00f6nbs\u00e9get, nem akar visszat\u00e9rni az olcs\u00f3 kr\u00e9mekhez. Ez a min\u0151s\u00e9g ereje.<\/p>\n<hr data-start=\"1917\" data-end=\"1920\" \/>\n<h3 data-start=\"1922\" data-end=\"1952\"><strong data-start=\"1926\" data-end=\"1952\">\ud83d\ude80 Most j\u00f6tt el az id\u0151<\/strong><\/h3>\n<p data-start=\"1954\" data-end=\"2171\">Fektess be magadba \u00e9s a tetov\u00e1l\u00e1si \u00e9lm\u00e9nyedbe. V\u00e1laszd az <strong data-start=\"2012\" data-end=\"2031\">eredeti TKTX-et<\/strong>, \u00e9s tapasztald meg, mi\u00e9rt ez a legjobb d\u00f6nt\u00e9s. A tested, a b\u0151r\u00f6d \u00e9s a tetov\u00e1l\u00e1sod meg\u00e9rdemli a legjobb gondoskod\u00e1st \u00e9s f\u00e1jdalommentess\u00e9get.<\/p>\n<p data-start=\"2173\" data-end=\"2334\">Ne v\u00e1rj, am\u00edg a f\u00e1jdalom elrontja az \u00f6r\u00f6m\u00f6t. Szerezd be most a <strong data-start=\"2236\" data-end=\"2247\">TKTX-et<\/strong>, \u00e9s tedd minden tetov\u00e1l\u00e1sodat \u00e9lm\u00e9nny\u00e9 \u2013 kontroll\u00e1ltan, k\u00e9nyelmesen, felejthetetlen\u00fcl.<\/p>\n<hr data-start=\"2336\" data-end=\"2339\" \/>\n<h3 data-start=\"2341\" data-end=\"2434\"><strong data-start=\"2345\" data-end=\"2434\">\ud83c\udfaf Az utad a f\u00e1jdalommentes tetov\u00e1l\u00e1shoz itt kezd\u0151dik \u2013 TKTX-vel \u00e9s vel\u00fcnk melletted.<\/strong><\/h3>\n<h3 style=\"text-align: center;\">V\u00e1lasszon term\u00e9keink k\u00f6z\u00fcl<\/h3>\n<h3 style=\"text-align: center;\"><a href=\"https:\/\/www.tktx-shop.hu\/?product=tetovalo-krem-tktx-40\"><img loading=\"lazy\" decoding=\"async\" class=\"aligncenter wp-image-225\" src=\"https:\/\/www.tktx-shop.hu\/wp-content\/uploads\/2023\/03\/12-300x159.png\" alt=\"\u00c9rz\u00e9stelen\u00edt\u0151 kr\u00e9m TKTX Tetov\u00e1l\u00f3 kr\u00e9m\" width=\"450\" height=\"239\" \/><\/a><\/h3>\n<h4><a href=\"https:\/\/www.tktx-shop.hu\/?product=erzestelenito-krem-tktx-55-gold\"><img loading=\"lazy\" decoding=\"async\" class=\"aligncenter wp-image-226\" src=\"https:\/\/www.tktx-shop.hu\/wp-content\/uploads\/2023\/03\/13-1024x550.png\" alt=\"\u00e9rz\u00e9stelen\u00edt\u0151 ken\u0151cs TKTX tetov\u00e1l\u00f3 kr\u00e9m\" width=\"450\" height=\"242\" \/><\/a><\/h4>\n<p><a href=\"https:\/\/www.tktx-shop.hu\/?product=erzestelenito-krem-tktx-75\"><img loading=\"lazy\" decoding=\"async\" class=\"aligncenter wp-image-227\" src=\"https:\/\/www.tktx-shop.hu\/wp-content\/uploads\/2023\/03\/14.png\" alt=\"\u00e9rz\u00e9stelen\u00edt\u0151 ken\u0151cs TKTX tetov\u00e1l\u00f3 kr\u00e9m\" width=\"450\" height=\"227\" \/><\/a><\/p>\n<h4 style=\"text-align: center;\">Rendeljen 3xTKTX-et ingyenes kisz\u00e1ll\u00edt\u00e1ssal AKCI\u00d3VAL 2100 ft<\/h4>\n<p><a href=\"https:\/\/www.tktx-shop.hu\/?product=3-darab-x-erzestelenito-krem-tktx-75-ingyenes-szallitas\"><img loading=\"lazy\" decoding=\"async\" class=\"aligncenter wp-image-230\" src=\"https:\/\/www.tktx-shop.hu\/wp-content\/uploads\/2023\/03\/11.png\" alt=\"\u00e9rz\u00e9stelen\u00edt\u0151 ken\u0151cs TKTX tetov\u00e1l\u00f3 kr\u00e9m\" width=\"450\" height=\"519\" \/><\/a><\/p>\n","protected":false},"excerpt":{"rendered":"<p>\ud83d\udca1 K\u00e9pzeld el: f\u00e1jdalommentes tetov\u00e1l\u00e1s kompromisszumok n\u00e9lk\u00fcl K\u00e9pzeld el, hogy nyugodtan \u00fclsz a tetov\u00e1l\u00f3m\u0171v\u00e9szn\u00e9l, alig \u00e9rzel valamit, \u00e9s \u00e9lvezed a tetov\u00e1l\u00e1sod minden pillanat\u00e1t \u2013 f\u00e1jdalom n\u00e9lk\u00fcl, stressz n\u00e9lk\u00fcl. T\u00fal sz\u00e9pnek hangzik, hogy igaz legyen? Itt j\u00f6n k\u00e9pbe az eredeti TKTX \u2013 a min\u0151s\u00e9gi \u00e9rz\u00e9stelen\u00edt\u0151 kr\u00e9m, ami val\u00f3ban sz\u00e1m\u00edt. \u26a0\ufe0f Olcs\u00f3 ut\u00e1nzatok? Egy dr\u00e1ga hiba! Az [&hellip;]<\/p>\n","protected":false},"author":1,"featured_media":0,"parent":0,"menu_order":0,"comment_status":"closed","ping_status":"closed","template":"","meta":{"_monsterinsights_skip_tracking":false,"_monsterinsights_sitenote_active":false,"_monsterinsights_sitenote_note":"","_monsterinsights_sitenote_category":0,"footnotes":""},"class_list":["post-157","page","type-page","status-publish","hentry"],"yoast_head":"<!-- This site is optimized with the Yoast SEO plugin v27.0 - https:\/\/yoast.com\/product\/yoast-seo-wordpress\/ -->\n<title>\ud83d\udd25 Mi\u00e9rt \u00e9ri meg min\u0151s\u00e9gi \u00e9rz\u00e9stelen\u00edt\u0151 kr\u00e9mbe fektetni \u2013 az igazs\u00e1g a TKTX-r\u0151l - TKTX do Tatua\u017cu<\/title>\n<meta name=\"description\" content=\"\ud83d\udca5 Az olcs\u00f3 ut\u00e1nzatok csal\u00f3d\u00e1st okozhatnak. Tudja meg, mi\u00e9rt az eredeti TKTX a helyes v\u00e1laszt\u00e1s.\" \/>\n<meta name=\"robots\" content=\"index, follow, max-snippet:-1, max-image-preview:large, max-video-preview:-1\" \/>\n<link rel=\"canonical\" href=\"https:\/\/www.tktx-do-tatuazu.pl\/?page_id=157\" \/>\n<meta property=\"og:locale\" content=\"sk_SK\" \/>\n<meta property=\"og:type\" content=\"article\" \/>\n<meta property=\"og:title\" content=\"\ud83d\udd25 Mi\u00e9rt \u00e9ri meg min\u0151s\u00e9gi \u00e9rz\u00e9stelen\u00edt\u0151 kr\u00e9mbe fektetni \u2013 az igazs\u00e1g a TKTX-r\u0151l - TKTX do Tatua\u017cu\" \/>\n<meta property=\"og:description\" content=\"\ud83d\udca5 Az olcs\u00f3 ut\u00e1nzatok csal\u00f3d\u00e1st okozhatnak. Tudja meg, mi\u00e9rt az eredeti TKTX a helyes v\u00e1laszt\u00e1s.\" \/>\n<meta property=\"og:url\" content=\"https:\/\/www.tktx-do-tatuazu.pl\/?page_id=157\" \/>\n<meta property=\"og:site_name\" content=\"TKTX do Tatua\u017cu\" \/>\n<meta name=\"twitter:card\" content=\"summary_large_image\" \/>\n<meta name=\"twitter:label1\" content=\"Predpokladan\u00fd \u010das \u010d\u00edtania\" \/>\n\t<meta name=\"twitter:data1\" content=\"2 min\u00faty\" \/>\n<script type=\"application\/ld+json\" class=\"yoast-schema-graph\">{\"@context\":\"https:\/\/schema.org\",\"@graph\":[{\"@type\":\"WebPage\",\"@id\":\"https:\/\/www.tktx-do-tatuazu.pl\/?page_id=157\",\"url\":\"https:\/\/www.tktx-do-tatuazu.pl\/?page_id=157\",\"name\":\"\ud83d\udd25 Mi\u00e9rt \u00e9ri meg min\u0151s\u00e9gi \u00e9rz\u00e9stelen\u00edt\u0151 kr\u00e9mbe fektetni \u2013 az igazs\u00e1g a TKTX-r\u0151l - TKTX do Tatua\u017cu\",\"isPartOf\":{\"@id\":\"https:\/\/www.tktx-do-tatuazu.pl\/#website\"},\"primaryImageOfPage\":{\"@id\":\"https:\/\/www.tktx-do-tatuazu.pl\/?page_id=157#primaryimage\"},\"image\":{\"@id\":\"https:\/\/www.tktx-do-tatuazu.pl\/?page_id=157#primaryimage\"},\"thumbnailUrl\":\"https:\/\/www.tktx-shop.hu\/wp-content\/uploads\/2023\/03\/12-300x159.png\",\"datePublished\":\"2025-07-04T07:08:09+00:00\",\"description\":\"\ud83d\udca5 Az olcs\u00f3 ut\u00e1nzatok csal\u00f3d\u00e1st okozhatnak. Tudja meg, mi\u00e9rt az eredeti TKTX a helyes v\u00e1laszt\u00e1s.\",\"breadcrumb\":{\"@id\":\"https:\/\/www.tktx-do-tatuazu.pl\/?page_id=157#breadcrumb\"},\"inLanguage\":\"sk-SK\",\"potentialAction\":[{\"@type\":\"ReadAction\",\"target\":[\"https:\/\/www.tktx-do-tatuazu.pl\/?page_id=157\"]}]},{\"@type\":\"ImageObject\",\"inLanguage\":\"sk-SK\",\"@id\":\"https:\/\/www.tktx-do-tatuazu.pl\/?page_id=157#primaryimage\",\"url\":\"https:\/\/www.tktx-shop.hu\/wp-content\/uploads\/2023\/03\/12-300x159.png\",\"contentUrl\":\"https:\/\/www.tktx-shop.hu\/wp-content\/uploads\/2023\/03\/12-300x159.png\"},{\"@type\":\"BreadcrumbList\",\"@id\":\"https:\/\/www.tktx-do-tatuazu.pl\/?page_id=157#breadcrumb\",\"itemListElement\":[{\"@type\":\"ListItem\",\"position\":1,\"name\":\"Home\",\"item\":\"https:\/\/www.tktx-do-tatuazu.pl\/\"},{\"@type\":\"ListItem\",\"position\":2,\"name\":\"\ud83d\udd25 Mi\u00e9rt \u00e9ri meg min\u0151s\u00e9gi \u00e9rz\u00e9stelen\u00edt\u0151 kr\u00e9mbe fektetni \u2013 az igazs\u00e1g a TKTX-r\u0151l\"}]},{\"@type\":\"WebSite\",\"@id\":\"https:\/\/www.tktx-do-tatuazu.pl\/#website\",\"url\":\"https:\/\/www.tktx-do-tatuazu.pl\/\",\"name\":\"TKTX do Tatua\u017cu\",\"description\":\"\",\"potentialAction\":[{\"@type\":\"SearchAction\",\"target\":{\"@type\":\"EntryPoint\",\"urlTemplate\":\"https:\/\/www.tktx-do-tatuazu.pl\/?s={search_term_string}\"},\"query-input\":{\"@type\":\"PropertyValueSpecification\",\"valueRequired\":true,\"valueName\":\"search_term_string\"}}],\"inLanguage\":\"sk-SK\"}]}<\/script>\n<!-- \/ Yoast SEO plugin. -->","yoast_head_json":{"title":"\ud83d\udd25 Mi\u00e9rt \u00e9ri meg min\u0151s\u00e9gi \u00e9rz\u00e9stelen\u00edt\u0151 kr\u00e9mbe fektetni \u2013 az igazs\u00e1g a TKTX-r\u0151l - TKTX do Tatua\u017cu","description":"\ud83d\udca5 Az olcs\u00f3 ut\u00e1nzatok csal\u00f3d\u00e1st okozhatnak. Tudja meg, mi\u00e9rt az eredeti TKTX a helyes v\u00e1laszt\u00e1s.","robots":{"index":"index","follow":"follow","max-snippet":"max-snippet:-1","max-image-preview":"max-image-preview:large","max-video-preview":"max-video-preview:-1"},"canonical":"https:\/\/www.tktx-do-tatuazu.pl\/?page_id=157","og_locale":"sk_SK","og_type":"article","og_title":"\ud83d\udd25 Mi\u00e9rt \u00e9ri meg min\u0151s\u00e9gi \u00e9rz\u00e9stelen\u00edt\u0151 kr\u00e9mbe fektetni \u2013 az igazs\u00e1g a TKTX-r\u0151l - TKTX do Tatua\u017cu","og_description":"\ud83d\udca5 Az olcs\u00f3 ut\u00e1nzatok csal\u00f3d\u00e1st okozhatnak. Tudja meg, mi\u00e9rt az eredeti TKTX a helyes v\u00e1laszt\u00e1s.","og_url":"https:\/\/www.tktx-do-tatuazu.pl\/?page_id=157","og_site_name":"TKTX do Tatua\u017cu","twitter_card":"summary_large_image","twitter_misc":{"Predpokladan\u00fd \u010das \u010d\u00edtania":"2 min\u00faty"},"schema":{"@context":"https:\/\/schema.org","@graph":[{"@type":"WebPage","@id":"https:\/\/www.tktx-do-tatuazu.pl\/?page_id=157","url":"https:\/\/www.tktx-do-tatuazu.pl\/?page_id=157","name":"\ud83d\udd25 Mi\u00e9rt \u00e9ri meg min\u0151s\u00e9gi \u00e9rz\u00e9stelen\u00edt\u0151 kr\u00e9mbe fektetni \u2013 az igazs\u00e1g a TKTX-r\u0151l - TKTX do Tatua\u017cu","isPartOf":{"@id":"https:\/\/www.tktx-do-tatuazu.pl\/#website"},"primaryImageOfPage":{"@id":"https:\/\/www.tktx-do-tatuazu.pl\/?page_id=157#primaryimage"},"image":{"@id":"https:\/\/www.tktx-do-tatuazu.pl\/?page_id=157#primaryimage"},"thumbnailUrl":"https:\/\/www.tktx-shop.hu\/wp-content\/uploads\/2023\/03\/12-300x159.png","datePublished":"2025-07-04T07:08:09+00:00","description":"\ud83d\udca5 Az olcs\u00f3 ut\u00e1nzatok csal\u00f3d\u00e1st okozhatnak. Tudja meg, mi\u00e9rt az eredeti TKTX a helyes v\u00e1laszt\u00e1s.","breadcrumb":{"@id":"https:\/\/www.tktx-do-tatuazu.pl\/?page_id=157#breadcrumb"},"inLanguage":"sk-SK","potentialAction":[{"@type":"ReadAction","target":["https:\/\/www.tktx-do-tatuazu.pl\/?page_id=157"]}]},{"@type":"ImageObject","inLanguage":"sk-SK","@id":"https:\/\/www.tktx-do-tatuazu.pl\/?page_id=157#primaryimage","url":"https:\/\/www.tktx-shop.hu\/wp-content\/uploads\/2023\/03\/12-300x159.png","contentUrl":"https:\/\/www.tktx-shop.hu\/wp-content\/uploads\/2023\/03\/12-300x159.png"},{"@type":"BreadcrumbList","@id":"https:\/\/www.tktx-do-tatuazu.pl\/?page_id=157#breadcrumb","itemListElement":[{"@type":"ListItem","position":1,"name":"Home","item":"https:\/\/www.tktx-do-tatuazu.pl\/"},{"@type":"ListItem","position":2,"name":"\ud83d\udd25 Mi\u00e9rt \u00e9ri meg min\u0151s\u00e9gi \u00e9rz\u00e9stelen\u00edt\u0151 kr\u00e9mbe fektetni \u2013 az igazs\u00e1g a TKTX-r\u0151l"}]},{"@type":"WebSite","@id":"https:\/\/www.tktx-do-tatuazu.pl\/#website","url":"https:\/\/www.tktx-do-tatuazu.pl\/","name":"TKTX do Tatua\u017cu","description":"","potentialAction":[{"@type":"SearchAction","target":{"@type":"EntryPoint","urlTemplate":"https:\/\/www.tktx-do-tatuazu.pl\/?s={search_term_string}"},"query-input":{"@type":"PropertyValueSpecification","valueRequired":true,"valueName":"search_term_string"}}],"inLanguage":"sk-SK"}]}},"_links":{"self":[{"href":"https:\/\/www.tktx-do-tatuazu.pl\/index.php?rest_route=\/wp\/v2\/pages\/157","targetHints":{"allow":["GET"]}}],"collection":[{"href":"https:\/\/www.tktx-do-tatuazu.pl\/index.php?rest_route=\/wp\/v2\/pages"}],"about":[{"href":"https:\/\/www.tktx-do-tatuazu.pl\/index.php?rest_route=\/wp\/v2\/types\/page"}],"author":[{"embeddable":true,"href":"https:\/\/www.tktx-do-tatuazu.pl\/index.php?rest_route=\/wp\/v2\/users\/1"}],"replies":[{"embeddable":true,"href":"https:\/\/www.tktx-do-tatuazu.pl\/index.php?rest_route=%2Fwp%2Fv2%2Fcomments&post=157"}],"version-history":[{"count":1,"href":"https:\/\/www.tktx-do-tatuazu.pl\/index.php?rest_route=\/wp\/v2\/pages\/157\/revisions"}],"predecessor-version":[{"id":158,"href":"https:\/\/www.tktx-do-tatuazu.pl\/index.php?rest_route=\/wp\/v2\/pages\/157\/revisions\/158"}],"wp:attachment":[{"href":"https:\/\/www.tktx-do-tatuazu.pl\/index.php?rest_route=%2Fwp%2Fv2%2Fmedia&parent=157"}],"curies":[{"name":"wp","href":"https:\/\/api.w.org\/{rel}","templated":true}]}}